{"id":142,"date":"2024-03-13T10:34:07","date_gmt":"2024-03-13T09:34:07","guid":{"rendered":"https:\/\/moonshaktiyoga.fr\/?page_id=142"},"modified":"2024-08-20T11:24:13","modified_gmt":"2024-08-20T09:24:13","slug":"contact-2","status":"publish","type":"page","link":"https:\/\/moonshaktiyoga.fr\/index.php\/contact-2\/","title":{"rendered":"Contact"},"content":{"rendered":"\n<div class=\"wp-block-columns is-layout-flex wp-container-core-columns-is-layout-2 wp-block-columns-is-layout-flex\">\n<div class=\"wp-block-column is-layout-flow wp-block-column-is-layout-flow\">\n<figure class=\"wp-block-image size-large is-resized\"><img loading=\"lazy\" decoding=\"async\" width=\"1024\" height=\"742\" src=\"https:\/\/moonshaktiyoga.fr\/wp-content\/uploads\/2024\/03\/image-1-1024x742.png\" alt=\"\" class=\"wp-image-107\" style=\"width:544px;height:auto\" srcset=\"https:\/\/moonshaktiyoga.fr\/wp-content\/uploads\/2024\/03\/image-1-1024x742.png 1024w, https:\/\/moonshaktiyoga.fr\/wp-content\/uploads\/2024\/03\/image-1-300x217.png 300w, https:\/\/moonshaktiyoga.fr\/wp-content\/uploads\/2024\/03\/image-1-768x556.png 768w, https:\/\/moonshaktiyoga.fr\/wp-content\/uploads\/2024\/03\/image-1.png 1092w\" sizes=\"(max-width: 1024px) 100vw, 1024px\" \/><\/figure>\n<\/div>\n\n\n\n<div class=\"wp-block-column is-layout-flow wp-block-column-is-layout-flow\">\n<p><sub>EI <em>524 325 164 00035<\/em><\/sub><\/p>\n\n\n\n<p><strong>Cours Collectifs: <\/strong><\/p>\n\n\n\n<p>-Mas Chabert, Salle 2 RDC<\/p>\n\n\n\n<p>54 Route de Saint-andiol, 13940 MOLLEGES (association Moon Shakti Yoga)<\/p>\n\n\n\n<p>-Cabinet d\u2019Ost\u00e9opathie de B\u00e9n\u00e9dicte Duhamel<\/p>\n\n\n\n<p>51 Avenue du Ch\u00e2teau, 13940 MOLLEGES<\/p>\n\n\n\n<p><strong>Consultations et massages:<\/strong> <\/p>\n\n\n\n<p>Cabinet d\u2019Ost\u00e9opathie de B\u00e9n\u00e9dicte Duhamel<\/p>\n\n\n\n<p>51 Avenue du Ch\u00e2teau, 13940 MOLLEGES<\/p>\n\n\n\n<p><strong>T\u00e9l\u00e9phone<\/strong>: 06-76-92-66-10 et <strong>Email<\/strong>: carole-moonshaktiyoga@orange.fr<\/p>\n\n\n\n<div class=\"wp-block-group\"><div class=\"wp-block-group__inner-container is-layout-constrained wp-block-group-is-layout-constrained\">\n<div class=\"wp-block-columns is-layout-flex wp-container-core-columns-is-layout-1 wp-block-columns-is-layout-flex\">\n<div class=\"wp-block-column is-layout-flow wp-block-column-is-layout-flow\" style=\"flex-basis:100%\">\n<figure class=\"wp-block-image size-full is-resized\"><a href=\"https:\/\/www.instagram.com\/carolemoonshaktiyoga\/\"><img loading=\"lazy\" decoding=\"async\" width=\"195\" height=\"195\" src=\"https:\/\/moonshaktiyoga.fr\/wp-content\/uploads\/2024\/03\/Instagram_logo_2022.svg_.png\" alt=\"\" class=\"wp-image-176\" style=\"width:52px;height:auto\" srcset=\"https:\/\/moonshaktiyoga.fr\/wp-content\/uploads\/2024\/03\/Instagram_logo_2022.svg_.png 195w, https:\/\/moonshaktiyoga.fr\/wp-content\/uploads\/2024\/03\/Instagram_logo_2022.svg_-150x150.png 150w\" sizes=\"(max-width: 195px) 100vw, 195px\" \/><\/a><\/figure>\n\n\n\n<figure class=\"wp-block-image size-full is-resized\"><a href=\"https:\/\/www.facebook.com\/profile.php?id=100090676218919\"><img loading=\"lazy\" decoding=\"async\" width=\"204\" height=\"204\" src=\"https:\/\/moonshaktiyoga.fr\/wp-content\/uploads\/2024\/03\/image-FB-1.png\" alt=\"\" class=\"wp-image-179\" style=\"width:49px;height:auto\" srcset=\"https:\/\/moonshaktiyoga.fr\/wp-content\/uploads\/2024\/03\/image-FB-1.png 204w, https:\/\/moonshaktiyoga.fr\/wp-content\/uploads\/2024\/03\/image-FB-1-150x150.png 150w\" sizes=\"(max-width: 204px) 100vw, 204px\" \/><\/a><\/figure>\n<\/div>\n<\/div>\n<\/div><\/div>\n<\/div>\n<\/div>\n","protected":false},"excerpt":{"rendered":"<p>EI 524 325 164 00035 Cours Collectifs: -Mas Chabert, Salle 2 RDC 54 Route de Saint-andiol, 13940 MOLLEGES (association Moon Shakti Yoga) -Cabinet d\u2019Ost\u00e9opathie de B\u00e9n\u00e9dicte Duhamel 51 Avenue du Ch\u00e2teau, 13940 MOLLEGES Consultations et massages: Cabinet d\u2019Ost\u00e9opathie de B\u00e9n\u00e9dicte Duhamel 51 Avenue du Ch\u00e2teau, 13940 MOLLEGES T\u00e9l\u00e9phone: 06-76-92-66-10 et Email: carole-moonshaktiyoga@orange.fr<\/p>\n","protected":false},"author":1,"featured_media":0,"parent":0,"menu_order":0,"comment_status":"closed","ping_status":"closed","template":"","meta":{"om_disable_all_campaigns":false,"_monsterinsights_skip_tracking":false,"_monsterinsights_sitenote_active":false,"_monsterinsights_sitenote_note":"","_monsterinsights_sitenote_category":0,"footnotes":""},"aioseo_notices":[],"_links":{"self":[{"href":"https:\/\/moonshaktiyoga.fr\/index.php\/wp-json\/wp\/v2\/pages\/142"}],"collection":[{"href":"https:\/\/moonshaktiyoga.fr\/index.php\/wp-json\/wp\/v2\/pages"}],"about":[{"href":"https:\/\/moonshaktiyoga.fr\/index.php\/wp-json\/wp\/v2\/types\/page"}],"author":[{"embeddable":true,"href":"https:\/\/moonshaktiyoga.fr\/index.php\/wp-json\/wp\/v2\/users\/1"}],"replies":[{"embeddable":true,"href":"https:\/\/moonshaktiyoga.fr\/index.php\/wp-json\/wp\/v2\/comments?post=142"}],"version-history":[{"count":8,"href":"https:\/\/moonshaktiyoga.fr\/index.php\/wp-json\/wp\/v2\/pages\/142\/revisions"}],"predecessor-version":[{"id":417,"href":"https:\/\/moonshaktiyoga.fr\/index.php\/wp-json\/wp\/v2\/pages\/142\/revisions\/417"}],"wp:attachment":[{"href":"https:\/\/moonshaktiyoga.fr\/index.php\/wp-json\/wp\/v2\/media?parent=142"}],"curies":[{"name":"wp","href":"https:\/\/api.w.org\/{rel}","templated":true}]}}