{"id":263,"date":"2024-03-14T11:35:07","date_gmt":"2024-03-14T10:35:07","guid":{"rendered":"https:\/\/moonshaktiyoga.fr\/?page_id=263"},"modified":"2024-09-13T15:45:29","modified_gmt":"2024-09-13T13:45:29","slug":"avis","status":"publish","type":"page","link":"https:\/\/moonshaktiyoga.fr\/index.php\/avis\/","title":{"rendered":"Avis"},"content":{"rendered":"\n<p>N&rsquo;h\u00e9sitez pas \u00e0 laisser vos avis sur la fiche d&rsquo;\u00e9tablissement Google, en cliquant sur le lien suivant: <\/p>\n\n\n\n<p><a href=\"https:\/\/g.page\/r\/CXqlQWV6_aBEEB0\/review\">https:\/\/g.page\/r\/CXqlQWV6_aBEEB0\/review<\/a><\/p>\n\n\n\n<p>Merci et \u00e0 tr\u00e8s vite! <\/p>\n\n\n\n<p>Carole <\/p>\n\n\n\n<div class=\"wp-block-columns is-layout-flex wp-container-core-columns-is-layout-1 wp-block-columns-is-layout-flex\">\n<div class=\"wp-block-column is-layout-flow wp-block-column-is-layout-flow\"><div class=\"wp-block-image\">\n<figure class=\"aligncenter size-large is-resized\"><img loading=\"lazy\" decoding=\"async\" width=\"1024\" height=\"572\" src=\"https:\/\/moonshaktiyoga.fr\/wp-content\/uploads\/2024\/08\/avis-cours-collectifs-1024x572.jpg\" alt=\"\" class=\"wp-image-412\" style=\"width:976px;height:auto\" srcset=\"https:\/\/moonshaktiyoga.fr\/wp-content\/uploads\/2024\/08\/avis-cours-collectifs-1024x572.jpg 1024w, https:\/\/moonshaktiyoga.fr\/wp-content\/uploads\/2024\/08\/avis-cours-collectifs-300x168.jpg 300w, https:\/\/moonshaktiyoga.fr\/wp-content\/uploads\/2024\/08\/avis-cours-collectifs-768x429.jpg 768w, https:\/\/moonshaktiyoga.fr\/wp-content\/uploads\/2024\/08\/avis-cours-collectifs.jpg 1293w\" sizes=\"(max-width: 1024px) 100vw, 1024px\" \/><\/figure><\/div>\n\n<div class=\"wp-block-image\">\n<figure class=\"aligncenter size-large is-resized\"><img loading=\"lazy\" decoding=\"async\" width=\"1024\" height=\"789\" src=\"https:\/\/moonshaktiyoga.fr\/wp-content\/uploads\/2024\/09\/avis-Flo-1024x789.jpg\" alt=\"\" class=\"wp-image-426\" style=\"width:191px;height:auto\" srcset=\"https:\/\/moonshaktiyoga.fr\/wp-content\/uploads\/2024\/09\/avis-Flo-1024x789.jpg 1024w, https:\/\/moonshaktiyoga.fr\/wp-content\/uploads\/2024\/09\/avis-Flo-300x231.jpg 300w, https:\/\/moonshaktiyoga.fr\/wp-content\/uploads\/2024\/09\/avis-Flo-768x592.jpg 768w, https:\/\/moonshaktiyoga.fr\/wp-content\/uploads\/2024\/09\/avis-Flo.jpg 1080w\" sizes=\"(max-width: 1024px) 100vw, 1024px\" \/><\/figure><\/div><\/div>\n<\/div>\n\n\n<div class=\"wp-block-image\">\n<figure class=\"aligncenter size-large\"><img loading=\"lazy\" decoding=\"async\" width=\"1024\" height=\"299\" src=\"https:\/\/moonshaktiyoga.fr\/wp-content\/uploads\/2024\/08\/avis-yogatherapie-1-1024x299.jpg\" alt=\"\" class=\"wp-image-415\" srcset=\"https:\/\/moonshaktiyoga.fr\/wp-content\/uploads\/2024\/08\/avis-yogatherapie-1-1024x299.jpg 1024w, https:\/\/moonshaktiyoga.fr\/wp-content\/uploads\/2024\/08\/avis-yogatherapie-1-300x87.jpg 300w, https:\/\/moonshaktiyoga.fr\/wp-content\/uploads\/2024\/08\/avis-yogatherapie-1-768x224.jpg 768w, https:\/\/moonshaktiyoga.fr\/wp-content\/uploads\/2024\/08\/avis-yogatherapie-1.jpg 1252w\" sizes=\"(max-width: 1024px) 100vw, 1024px\" \/><\/figure><\/div>\n\n\n<p>N&rsquo;h\u00e9sitez pas \u00e0 suivre l&rsquo;activit\u00e9 de Moon Shakti Yoga et interagir, en cliquant sur les ic\u00f4nes suivants: <\/p>\n\n\n\n<div class=\"wp-block-columns is-layout-flex wp-container-core-columns-is-layout-2 wp-block-columns-is-layout-flex\">\n<div class=\"wp-block-column is-layout-flow wp-block-column-is-layout-flow\"><div class=\"wp-block-image\">\n<figure class=\"alignright size-full is-resized\"><a href=\"https:\/\/www.facebook.com\/profile.php?id=100090676218919\"><img loading=\"lazy\" decoding=\"async\" width=\"204\" height=\"204\" src=\"https:\/\/moonshaktiyoga.fr\/wp-content\/uploads\/2024\/03\/image-FB-3.png\" alt=\"\" class=\"wp-image-275\" style=\"width:112px;height:auto\" srcset=\"https:\/\/moonshaktiyoga.fr\/wp-content\/uploads\/2024\/03\/image-FB-3.png 204w, https:\/\/moonshaktiyoga.fr\/wp-content\/uploads\/2024\/03\/image-FB-3-150x150.png 150w\" sizes=\"(max-width: 204px) 100vw, 204px\" \/><\/a><\/figure><\/div><\/div>\n\n\n\n<div class=\"wp-block-column is-layout-flow wp-block-column-is-layout-flow\">\n<figure class=\"wp-block-image size-full is-resized\"><a href=\"https:\/\/www.instagram.com\/carolemoonshaktiyoga\/\"><img loading=\"lazy\" decoding=\"async\" width=\"195\" height=\"195\" src=\"https:\/\/moonshaktiyoga.fr\/wp-content\/uploads\/2024\/03\/Instagram_logo_2022.svg_-1.png\" alt=\"\" class=\"wp-image-276\" style=\"width:107px;height:auto\" srcset=\"https:\/\/moonshaktiyoga.fr\/wp-content\/uploads\/2024\/03\/Instagram_logo_2022.svg_-1.png 195w, https:\/\/moonshaktiyoga.fr\/wp-content\/uploads\/2024\/03\/Instagram_logo_2022.svg_-1-150x150.png 150w\" sizes=\"(max-width: 195px) 100vw, 195px\" \/><\/a><\/figure>\n<\/div>\n<\/div>\n","protected":false},"excerpt":{"rendered":"<p>N&rsquo;h\u00e9sitez pas \u00e0 laisser vos avis sur la fiche d&rsquo;\u00e9tablissement Google, en cliquant sur le lien suivant: https:\/\/g.page\/r\/CXqlQWV6_aBEEB0\/review Merci et \u00e0 tr\u00e8s vite! Carole N&rsquo;h\u00e9sitez pas \u00e0 suivre l&rsquo;activit\u00e9 de Moon Shakti Yoga et interagir, en cliquant sur les ic\u00f4nes suivants:<\/p>\n","protected":false},"author":1,"featured_media":0,"parent":0,"menu_order":0,"comment_status":"closed","ping_status":"closed","template":"","meta":{"om_disable_all_campaigns":false,"_monsterinsights_skip_tracking":false,"_monsterinsights_sitenote_active":false,"_monsterinsights_sitenote_note":"","_monsterinsights_sitenote_category":0,"footnotes":""},"aioseo_notices":[],"_links":{"self":[{"href":"https:\/\/moonshaktiyoga.fr\/index.php\/wp-json\/wp\/v2\/pages\/263"}],"collection":[{"href":"https:\/\/moonshaktiyoga.fr\/index.php\/wp-json\/wp\/v2\/pages"}],"about":[{"href":"https:\/\/moonshaktiyoga.fr\/index.php\/wp-json\/wp\/v2\/types\/page"}],"author":[{"embeddable":true,"href":"https:\/\/moonshaktiyoga.fr\/index.php\/wp-json\/wp\/v2\/users\/1"}],"replies":[{"embeddable":true,"href":"https:\/\/moonshaktiyoga.fr\/index.php\/wp-json\/wp\/v2\/comments?post=263"}],"version-history":[{"count":7,"href":"https:\/\/moonshaktiyoga.fr\/index.php\/wp-json\/wp\/v2\/pages\/263\/revisions"}],"predecessor-version":[{"id":428,"href":"https:\/\/moonshaktiyoga.fr\/index.php\/wp-json\/wp\/v2\/pages\/263\/revisions\/428"}],"wp:attachment":[{"href":"https:\/\/moonshaktiyoga.fr\/index.php\/wp-json\/wp\/v2\/media?parent=263"}],"curies":[{"name":"wp","href":"https:\/\/api.w.org\/{rel}","templated":true}]}}