{"id":298,"date":"2024-05-27T10:51:33","date_gmt":"2024-05-27T08:51:33","guid":{"rendered":"https:\/\/moonshaktiyoga.fr\/?page_id=298"},"modified":"2024-08-19T19:12:20","modified_gmt":"2024-08-19T17:12:20","slug":"deroulement-dun-soin","status":"publish","type":"page","link":"https:\/\/moonshaktiyoga.fr\/index.php\/deroulement-dun-soin\/","title":{"rendered":"D\u00e9roulement d&rsquo;un soin"},"content":{"rendered":"\n<p><\/p>\n\n\n\n<div class=\"wp-block-columns is-layout-flex wp-container-core-columns-is-layout-1 wp-block-columns-is-layout-flex\">\n<div class=\"wp-block-column is-layout-flow wp-block-column-is-layout-flow\">\n<figure class=\"wp-block-image size-full\"><img loading=\"lazy\" decoding=\"async\" width=\"486\" height=\"322\" src=\"https:\/\/moonshaktiyoga.fr\/wp-content\/uploads\/2024\/05\/reiki-image-libre-de-droit-1.webp\" alt=\"\" class=\"wp-image-321\" srcset=\"https:\/\/moonshaktiyoga.fr\/wp-content\/uploads\/2024\/05\/reiki-image-libre-de-droit-1.webp 486w, https:\/\/moonshaktiyoga.fr\/wp-content\/uploads\/2024\/05\/reiki-image-libre-de-droit-1-300x199.webp 300w\" sizes=\"(max-width: 486px) 100vw, 486px\" \/><\/figure>\n<\/div>\n\n\n\n<div class=\"wp-block-column is-layout-flow wp-block-column-is-layout-flow\">\n<p><\/p>\n\n\n\n<p>Le soin peut \u00eatre pr\u00e9c\u00e9d\u00e9 d&rsquo;un <strong>protocole d&rsquo;harmonisation des chakras.<\/strong> Puis, le receveur, confortablement allong\u00e9 sur une table de soin, habill\u00e9, se d\u00e9tend en respirant profond\u00e9ment, le temps que je me centre. <\/p>\n\n\n\n<p>Le soin Reiki est une technique d\u2019<strong>apposition des mains<\/strong>, mais je travaille en apposant mes mains \u00e0 quelques centim\u00e8tres du corps de la personne, pas de contact physique sauf sous la t\u00eate pour apaiser les peurs de l&rsquo;enfant int\u00e9rieur, et sur les pieds pour l&rsquo;ancrage (avec accord du receveur bien s\u00fbr).<\/p>\n<\/div>\n<\/div>\n\n\n\n<p><\/p>\n\n\n\n<p>Le soin d\u00e9bute au niveau de la t\u00eate, je passe en revue les chakras (roues \u00e9nerg\u00e9tiques), puis les organes et les membres, pour ensuite laisser revenir mes mains sur les zones o\u00f9 j\u2019en ressens le besoin, d\u2019un point de vue \u00e9nerg\u00e9tique. Puis je termine le soin par un<strong> lissage de l\u2019aura.<\/strong><\/p>\n\n\n\n<p>Je pr\u00e9viens oralement le receveur que le soin est termin\u00e9, afin qu&rsquo;il ne soit pas en attente.<\/p>\n\n\n\n<p>Il est pr\u00e9f\u00e9rable, pour ne pas trop revenir dans le mental, qu&rsquo;il n&rsquo;y ait pas un trop long \u00e9change apr\u00e8s le soin entre le receveur et moi, afin de lui laisser le temps d\u2019atterrir et de ne pas mentaliser ce qui s&rsquo;est pass\u00e9, laisser faire le soin&#8230;<\/p>\n\n\n\n<p><strong>Le soin Reiki n\u2019est pas une baguette magique<\/strong> qui va solutionner vos probl\u00e8mes. En effet, je suis convaincue que nous sommes, nous-seuls, \u00e0 m\u00eame d\u2019y apporter une solution. Les autres ne sont l\u00e0 que pour nous accompagner. Le Reiki va donc aider la personne \u00e0 aller vers ce qui est juste et bon pour elle au moment donn\u00e9.<\/p>\n\n\n\n<p>NB: le Reiki ne se substitue en aucun cas \u00e0 la m\u00e9decine et aux traitements m\u00e9dicaux, il vient en soutien pour r\u00e9activer les capacit\u00e9s d&rsquo;auto-gu\u00e9rison de l&rsquo;\u00eatre humain.<\/p>\n\n\n\n<div class=\"wp-block-buttons is-content-justification-center is-layout-flex wp-container-core-buttons-is-layout-1 wp-block-buttons-is-layout-flex\">\n<div class=\"wp-block-button\"><a class=\"wp-block-button__link wp-element-button\" href=\"https:\/\/liberlo.com\/profil\/carole-maurel\/\" target=\"_blank\" rel=\"noopener\"><img decoding=\"async\" src=\"https:\/\/liberlo.com\/wp-content\/themes\/liberlo\/assets\/imgs\/logo-simple-blanc.png\" alt=\"\"><span class=\"text\">RDV sur Liberlo.com<\/span><\/a><\/div>\n<\/div>\n","protected":false},"excerpt":{"rendered":"<p>Le soin peut \u00eatre pr\u00e9c\u00e9d\u00e9 d&rsquo;un protocole d&rsquo;harmonisation des chakras. Puis, le receveur, confortablement allong\u00e9 sur une table de soin, habill\u00e9, se d\u00e9tend en respirant profond\u00e9ment, le temps que je me centre. Le soin Reiki est une technique d\u2019apposition des mains, mais je travaille en apposant mes mains \u00e0 quelques centim\u00e8tres du corps de la <a class=\"read-more\" href=\"https:\/\/moonshaktiyoga.fr\/index.php\/deroulement-dun-soin\/\">READ MORE<\/a><\/p>\n","protected":false},"author":1,"featured_media":0,"parent":0,"menu_order":0,"comment_status":"closed","ping_status":"closed","template":"","meta":{"om_disable_all_campaigns":false,"_monsterinsights_skip_tracking":false,"_monsterinsights_sitenote_active":false,"_monsterinsights_sitenote_note":"","_monsterinsights_sitenote_category":0,"footnotes":""},"aioseo_notices":[],"_links":{"self":[{"href":"https:\/\/moonshaktiyoga.fr\/index.php\/wp-json\/wp\/v2\/pages\/298"}],"collection":[{"href":"https:\/\/moonshaktiyoga.fr\/index.php\/wp-json\/wp\/v2\/pages"}],"about":[{"href":"https:\/\/moonshaktiyoga.fr\/index.php\/wp-json\/wp\/v2\/types\/page"}],"author":[{"embeddable":true,"href":"https:\/\/moonshaktiyoga.fr\/index.php\/wp-json\/wp\/v2\/users\/1"}],"replies":[{"embeddable":true,"href":"https:\/\/moonshaktiyoga.fr\/index.php\/wp-json\/wp\/v2\/comments?post=298"}],"version-history":[{"count":5,"href":"https:\/\/moonshaktiyoga.fr\/index.php\/wp-json\/wp\/v2\/pages\/298\/revisions"}],"predecessor-version":[{"id":401,"href":"https:\/\/moonshaktiyoga.fr\/index.php\/wp-json\/wp\/v2\/pages\/298\/revisions\/401"}],"wp:attachment":[{"href":"https:\/\/moonshaktiyoga.fr\/index.php\/wp-json\/wp\/v2\/media?parent=298"}],"curies":[{"name":"wp","href":"https:\/\/api.w.org\/{rel}","templated":true}]}}