{"id":300,"date":"2024-05-27T10:51:33","date_gmt":"2024-05-27T08:51:33","guid":{"rendered":"https:\/\/moonshaktiyoga.fr\/?page_id=300"},"modified":"2024-08-20T11:03:39","modified_gmt":"2024-08-20T09:03:39","slug":"pourquoi-se-faire-initier","status":"publish","type":"page","link":"https:\/\/moonshaktiyoga.fr\/index.php\/pourquoi-se-faire-initier\/","title":{"rendered":"Pourquoi se faire initier?"},"content":{"rendered":"\n<div class=\"wp-block-columns is-layout-flex wp-container-core-columns-is-layout-1 wp-block-columns-is-layout-flex\">\n<div class=\"wp-block-column is-layout-flow wp-block-column-is-layout-flow\">\n<figure class=\"wp-block-image size-full\"><img loading=\"lazy\" decoding=\"async\" width=\"486\" height=\"322\" src=\"https:\/\/moonshaktiyoga.fr\/wp-content\/uploads\/2024\/05\/reiki-image-libre-de-droit-2.webp\" alt=\"\" class=\"wp-image-324\" srcset=\"https:\/\/moonshaktiyoga.fr\/wp-content\/uploads\/2024\/05\/reiki-image-libre-de-droit-2.webp 486w, https:\/\/moonshaktiyoga.fr\/wp-content\/uploads\/2024\/05\/reiki-image-libre-de-droit-2-300x199.webp 300w\" sizes=\"(max-width: 486px) 100vw, 486px\" \/><\/figure>\n<\/div>\n\n\n\n<div class=\"wp-block-column is-layout-flow wp-block-column-is-layout-flow\">\n<p>Le d\u00e9veloppement spirituel et le cheminement en Conscience prend du temps, et il faut au corps physique notamment, le temps d&rsquo;int\u00e9grer les \u00e9volutions qui se jouent durant l&rsquo;initiation, mais aussi durant les 21 jours d&rsquo;int\u00e9gration qui suivent celle-ci, mais aussi toutes les cons\u00e9quences que ce travail int\u00e9rieur a sur notre quotidien, car vont s&rsquo;en suivre des ajustements, parfois doux, parfois un peu <a><\/a>moins, \u00e0 la mesure du d\u00e9salignement dans lequel la personne initi\u00e9e vivait avant l&rsquo;initiation.<\/p>\n\n\n\n<p>D\u00e9cider de se faire initier n&rsquo;est donc pas anodin, ni une d\u00e9cision \u00e0 prendre \u00e0 la l\u00e9g\u00e8re; c&rsquo;est comme (et j&rsquo;aime bien cette id\u00e9e) si vous disiez \u00e0 la Vie, l&rsquo;Univers, votre \u00e2me (prenez ce qui vous parle le plus): Go! je suis pr\u00eat(e) \u00e0 avancer et me r\u00e9aligner pour vivre plus heureux(se)! Et comme tout acte a une cons\u00e9quence (Karma&#8230;), s&rsquo;en remettre \u00e0 la Vie implique d&rsquo;\u00eatre pr\u00eat \u00e0 travailler honn\u00eatement sur soi-m\u00eame et sur ce qui doit \u00eatre ajust\u00e9.<\/p>\n\n\n\n<p><\/p>\n<\/div>\n<\/div>\n\n\n\n<p>C&rsquo;est pourquoi il est n\u00e9cessaire de ne pas aller plus vite que la musique, et de se laisser le temps entre chaque degr\u00e9, ou m\u00eame de n&rsquo;aller que jusqu&rsquo;au degr\u00e9 1, 2 ou 3 si on ne ressent pas le besoin de passer le degr\u00e9 suivant.<\/p>\n\n\n\n<p>Pour ma part, j&rsquo;ai pass\u00e9 mes 4 degr\u00e9s en 2 ans et demi, et il s&rsquo;en est pass\u00e9 des choses depuis&#8230;<\/p>\n\n\n\n<p><strong>Degr\u00e9 1<\/strong> (<em>Shoden<\/em>):  on devient praticien Reiki. Ce niveau est essentiellement pour soi, op\u00e9rant un nettoyage.<\/p>\n\n\n\n<p><strong>Degr\u00e9 2 <\/strong>(<em>Okuden<\/em>)<strong>: <\/strong>d\u00e9couverte des symboles, du soin \u00e0 distance<\/p>\n\n\n\n<p><strong>Degr\u00e9 3 <\/strong><em>(Shinpiden)<\/em><strong>: <\/strong>d\u00e9couverte du symbole du ma\u00eetre-praticien, dimension plus spirituelle, plus de d\u00e9tachement, amour inconditionnel&#8230;<\/p>\n\n\n\n<p><strong>Degr\u00e9 4:<\/strong> seulement pour ceux qui veulent devenir enseignants.<\/p>\n\n\n\n<p>(Les degr\u00e9s 3 et 4 ont longtemps constitu\u00e9 un seul et m\u00eame degr\u00e9, appel\u00e9 <em>Shinpiden<\/em>). <\/p>\n\n\n\n<p>Si vous souhaitez en savoir plus sur les soins que je propose ou sur l&rsquo;initiation pour \u00eatre vous-m\u00eame canal et pouvoir activer votre potentiel d&rsquo;auto-gu\u00e9rison physique, psycho-\u00e9motionnelle et spirituelle, je vous invite \u00e0 me contacter.<\/p>\n","protected":false},"excerpt":{"rendered":"<p>Le d\u00e9veloppement spirituel et le cheminement en Conscience prend du temps, et il faut au corps physique notamment, le temps d&rsquo;int\u00e9grer les \u00e9volutions qui se jouent durant l&rsquo;initiation, mais aussi durant les 21 jours d&rsquo;int\u00e9gration qui suivent celle-ci, mais aussi toutes les cons\u00e9quences que ce travail int\u00e9rieur a sur notre quotidien, car vont s&rsquo;en suivre <a class=\"read-more\" href=\"https:\/\/moonshaktiyoga.fr\/index.php\/pourquoi-se-faire-initier\/\">READ MORE<\/a><\/p>\n","protected":false},"author":1,"featured_media":0,"parent":0,"menu_order":0,"comment_status":"closed","ping_status":"closed","template":"","meta":{"om_disable_all_campaigns":false,"_monsterinsights_skip_tracking":false,"_monsterinsights_sitenote_active":false,"_monsterinsights_sitenote_note":"","_monsterinsights_sitenote_category":0,"footnotes":""},"aioseo_notices":[],"_links":{"self":[{"href":"https:\/\/moonshaktiyoga.fr\/index.php\/wp-json\/wp\/v2\/pages\/300"}],"collection":[{"href":"https:\/\/moonshaktiyoga.fr\/index.php\/wp-json\/wp\/v2\/pages"}],"about":[{"href":"https:\/\/moonshaktiyoga.fr\/index.php\/wp-json\/wp\/v2\/types\/page"}],"author":[{"embeddable":true,"href":"https:\/\/moonshaktiyoga.fr\/index.php\/wp-json\/wp\/v2\/users\/1"}],"replies":[{"embeddable":true,"href":"https:\/\/moonshaktiyoga.fr\/index.php\/wp-json\/wp\/v2\/comments?post=300"}],"version-history":[{"count":3,"href":"https:\/\/moonshaktiyoga.fr\/index.php\/wp-json\/wp\/v2\/pages\/300\/revisions"}],"predecessor-version":[{"id":409,"href":"https:\/\/moonshaktiyoga.fr\/index.php\/wp-json\/wp\/v2\/pages\/300\/revisions\/409"}],"wp:attachment":[{"href":"https:\/\/moonshaktiyoga.fr\/index.php\/wp-json\/wp\/v2\/media?parent=300"}],"curies":[{"name":"wp","href":"https:\/\/api.w.org\/{rel}","templated":true}]}}