{"id":301,"date":"2024-05-27T10:51:33","date_gmt":"2024-05-27T08:51:33","guid":{"rendered":"https:\/\/moonshaktiyoga.fr\/?page_id=301"},"modified":"2025-04-14T09:09:00","modified_gmt":"2025-04-14T07:09:00","slug":"4-degres-de-reiki","status":"publish","type":"page","link":"https:\/\/moonshaktiyoga.fr\/index.php\/4-degres-de-reiki\/","title":{"rendered":"4 degr\u00e9s de Reiki"},"content":{"rendered":"\n<div class=\"wp-block-columns is-layout-flex wp-container-core-columns-is-layout-1 wp-block-columns-is-layout-flex\">\n<div class=\"wp-block-column is-layout-flow wp-block-column-is-layout-flow\">\n<figure class=\"wp-block-image size-full\"><img loading=\"lazy\" decoding=\"async\" width=\"486\" height=\"322\" src=\"https:\/\/moonshaktiyoga.fr\/wp-content\/uploads\/2025\/04\/reiki-image-libre-de-droit.png\" alt=\"\" class=\"wp-image-473\" srcset=\"https:\/\/moonshaktiyoga.fr\/wp-content\/uploads\/2025\/04\/reiki-image-libre-de-droit.png 486w, https:\/\/moonshaktiyoga.fr\/wp-content\/uploads\/2025\/04\/reiki-image-libre-de-droit-300x199.png 300w\" sizes=\"(max-width: 486px) 100vw, 486px\" \/><\/figure>\n<\/div>\n\n\n\n<div class=\"wp-block-column is-layout-flow wp-block-column-is-layout-flow\">\n<p>Initialement, il existait 3 degr\u00e9s d&rsquo;initiation. Mais de plus en plus, le 3\u00e8me degr\u00e9 a \u00e9t\u00e9 scind\u00e9 en 2, afin de dissocier la transmission aux Maitres-Enseignants, c&rsquo;est-\u00e0-dire les personnes qui souhaitent transmettre \u00e0 leur tour le Reiki. On pourrait dire que ce degr\u00e9 est \u00ab\u00a0physique\u00a0\u00bb alors que le 2<sup>\u00e8me<\/sup> serait davantage \u00ab\u00a0mental\u00a0\u00bb et le 3<sup>\u00e8me<\/sup> davantage \u00ab\u00a0spirituel\u00a0\u00bb.<\/p>\n\n\n\n<p>-DEGR\u00c9 1 \u00ab\u00a0Shoden\u00a0\u00bb: Les bases du soin avec le Reiki<\/p>\n\n\n\n<p>Le Degr\u00e9 1 permet de devenir canal, transmet les bases du soin (auto-traitement, apposition des mains) et les diff\u00e9rents receveurs\u00a0: soi-m\u00eame, les autres, les animaux, plantes et min\u00e9raux, mais aussi quelques rituels et protocoles pour notamment purifier et injecter l\u2019\u00e9nergie<\/p>\n\n\n\n<p>-DEGR\u00c9 2\u00a0 \u00ab\u00a0<em>Okuden<\/em>\u00a0\u00bb\u00a0: Le soin transcendantal<\/p>\n\n\n\n<p>Alors que le degr\u00e9 1 va nettoyer la couche grossi\u00e8re de notre \u00eatre (corps physique et \u00e9motionnel), le degr\u00e9 2 va nous aider \u00e0 nous lib\u00e9rer de nos limites personnelles, nous confrontant \u00e0 nos habitudes dysharmonieuses, \u00e0 nos sch\u00e9mas de pens\u00e9e limitants. La d\u00e9couverte et la connexion aux symboles va nous ouvrir au traitement \u00e0 distance et de situation, nous permettant d\u2019int\u00e9grer que le temps et la distance n\u2019existent pas.<\/p>\n\n\n\n<p><\/p>\n<\/div>\n<\/div>\n\n\n\n<p>-DEGR\u00c9 3&nbsp; \u00ab&nbsp;<em>Shipinden<\/em>&nbsp;\u00bb&nbsp;: \u00e9lever la conscience par la lumi\u00e8re de dimension sup\u00e9rieure<\/p>\n\n\n\n<p>Le degr\u00e9 trois nous ouvre \u00e0 notre responsabilit\u00e9 universelle, et agit sur nos couches les plus profondes, notre \u00e2me, nous amenant \u00e0 nous aligner sur nos aspirations existentielles, aid\u00e9 et soutenu par le 4<sup>\u00e8me<\/sup> symbole, dit \u00ab&nbsp;symbole du ma\u00eetre&nbsp;\u00bb. Il am\u00e8ne \u00e0 davantage de m\u00e9ditation encore, \u00e9l\u00e9ment cl\u00e9 de ce degr\u00e9, et de connexion avec la dimension sup\u00e9rieure et une conscience accrue de l\u2019Unit\u00e9 des Mondes en soi et autour de soi.<\/p>\n\n\n\n<p>-DEGR\u00c9 4 \u00ab&nbsp;<em>Gokui kaiden<\/em>&nbsp;\u00bb&nbsp;: transmettre le <em>Reiki H\u00f4<\/em> correctement en tant que ma\u00eetre-enseignant. <\/p>\n","protected":false},"excerpt":{"rendered":"<p>Initialement, il existait 3 degr\u00e9s d&rsquo;initiation. Mais de plus en plus, le 3\u00e8me degr\u00e9 a \u00e9t\u00e9 scind\u00e9 en 2, afin de dissocier la transmission aux Maitres-Enseignants, c&rsquo;est-\u00e0-dire les personnes qui souhaitent transmettre \u00e0 leur tour le Reiki. On pourrait dire que ce degr\u00e9 est \u00ab\u00a0physique\u00a0\u00bb alors que le 2\u00e8me serait davantage \u00ab\u00a0mental\u00a0\u00bb et le 3\u00e8me <a class=\"read-more\" href=\"https:\/\/moonshaktiyoga.fr\/index.php\/4-degres-de-reiki\/\">READ MORE<\/a><\/p>\n","protected":false},"author":1,"featured_media":0,"parent":0,"menu_order":0,"comment_status":"closed","ping_status":"closed","template":"","meta":{"om_disable_all_campaigns":false,"_monsterinsights_skip_tracking":false,"_monsterinsights_sitenote_active":false,"_monsterinsights_sitenote_note":"","_monsterinsights_sitenote_category":0,"footnotes":""},"aioseo_notices":[],"_links":{"self":[{"href":"https:\/\/moonshaktiyoga.fr\/index.php\/wp-json\/wp\/v2\/pages\/301"}],"collection":[{"href":"https:\/\/moonshaktiyoga.fr\/index.php\/wp-json\/wp\/v2\/pages"}],"about":[{"href":"https:\/\/moonshaktiyoga.fr\/index.php\/wp-json\/wp\/v2\/types\/page"}],"author":[{"embeddable":true,"href":"https:\/\/moonshaktiyoga.fr\/index.php\/wp-json\/wp\/v2\/users\/1"}],"replies":[{"embeddable":true,"href":"https:\/\/moonshaktiyoga.fr\/index.php\/wp-json\/wp\/v2\/comments?post=301"}],"version-history":[{"count":2,"href":"https:\/\/moonshaktiyoga.fr\/index.php\/wp-json\/wp\/v2\/pages\/301\/revisions"}],"predecessor-version":[{"id":475,"href":"https:\/\/moonshaktiyoga.fr\/index.php\/wp-json\/wp\/v2\/pages\/301\/revisions\/475"}],"wp:attachment":[{"href":"https:\/\/moonshaktiyoga.fr\/index.php\/wp-json\/wp\/v2\/media?parent=301"}],"curies":[{"name":"wp","href":"https:\/\/api.w.org\/{rel}","templated":true}]}}