{"id":302,"date":"2024-05-27T10:51:33","date_gmt":"2024-05-27T08:51:33","guid":{"rendered":"https:\/\/moonshaktiyoga.fr\/?page_id=302"},"modified":"2024-05-27T11:04:51","modified_gmt":"2024-05-27T09:04:51","slug":"un-mode-de-vie-au-quotidien","status":"publish","type":"page","link":"https:\/\/moonshaktiyoga.fr\/index.php\/un-mode-de-vie-au-quotidien\/","title":{"rendered":"Un mode de vie au quotidien"},"content":{"rendered":"\n<div class=\"wp-block-columns is-layout-flex wp-container-core-columns-is-layout-1 wp-block-columns-is-layout-flex\">\n<div class=\"wp-block-column is-layout-flow wp-block-column-is-layout-flow\">\n<figure class=\"wp-block-image size-full\"><img loading=\"lazy\" decoding=\"async\" width=\"486\" height=\"322\" src=\"https:\/\/moonshaktiyoga.fr\/wp-content\/uploads\/2024\/05\/reiki-image-libre-de-droit.png\" alt=\"\" class=\"wp-image-327\" srcset=\"https:\/\/moonshaktiyoga.fr\/wp-content\/uploads\/2024\/05\/reiki-image-libre-de-droit.png 486w, https:\/\/moonshaktiyoga.fr\/wp-content\/uploads\/2024\/05\/reiki-image-libre-de-droit-300x199.png 300w\" sizes=\"(max-width: 486px) 100vw, 486px\" \/><\/figure>\n<\/div>\n\n\n\n<div class=\"wp-block-column is-layout-flow wp-block-column-is-layout-flow\">\n<p>Comme le yoga, le Reiki est une voie, au del\u00e0 d&rsquo;une simple pratique&#8230; Et contrairement \u00e0 ce que certains peuvent dire, le Reiki doit \u00eatre SIMPLE.<\/p>\n\n\n\n<p>Oui, certains protocoles impliquant les symboles peuvent paraitre un peu compliqu\u00e9s (mais vous pouvez avoir vos anti-s\u00e8ches pour les pratiquer!), mais c&rsquo;est tout&#8230; <\/p>\n\n\n\n<p>Tout le reste doit \u00eatre <strong>fluidit\u00e9 et bon sens. <\/strong><\/p>\n\n\n\n<p>Le Reiki m&rsquo;accompagne au quotidien via les 5 principes, les auto-traitements que je me fais, le nettoyage \u00e0 sec, les symboles qui m&rsquo;accompagnent au quotidien, mais surtout un \u00e9tat d&rsquo;\u00eatre, visant \u00e0 v\u00e9hiculer l&rsquo;Amour, la Bienveillance, la gratitude, la Douceur et le Non-Jugement en moi et autour de moi (pas toujours facile, j&rsquo;en conviens&#8230;).<\/p>\n\n\n\n<p><\/p>\n\n\n\n<p><\/p>\n<\/div>\n<\/div>\n\n\n\n<p>*Les 5 Principes du Reiki : \u00ab\u00a0juste pour aujourd&rsquo;hui&#8230;\u00a0\u00bb<\/p>\n\n\n\n<p>\u00ab\u00a0&#8230; j&rsquo;\u00f4te le souci de ma vie\u00a0\u00bb<\/p>\n\n\n\n<p>\u00ab\u00a0&#8230; j&rsquo;\u00f4te la col\u00e8re de ma vie\u00a0\u00bb<\/p>\n\n\n\n<p>\u00ab\u00a0&#8230; je respecte ma lign\u00e9e\u00a0\u00bb<\/p>\n\n\n\n<p>\u00ab\u00a0&#8230; je travaille sur moi-m\u00eame avec honn\u00eatet\u00e9\u00a0\u00bb<\/p>\n\n\n\n<p>\u00ab\u00a0&#8230; je suis pleine de gratitude pour toute forme de vie\u00a0\u00bb<\/p>\n\n\n\n<p>Et derni\u00e8re chose, j&rsquo;entends parfois des mises en garde ou personnes se m\u00e9fiant du Reiki, et \u00e0 ceux l\u00e0, j&rsquo;ai envie de dire: lorsqu&rsquo;on travaille avec l&rsquo;\u00e9nerg\u00e9tique, l&rsquo;essentiel est l&rsquo;intention que l&rsquo;on met \u00e0 sa pratique et au soin de soi aussi. Ce n&rsquo;est donc pas le Reiki qui est dangereux, mais les vibrations et les intentions que certains y associent, loin de l&rsquo;Amour pur et la Bienveillance, et cela d\u00e9pend aussi de \u00ab\u00a0l&rsquo;hygi\u00e8ne\u00a0\u00bb \u00e9nerg\u00e9tique\u00a0\u00bb (si je puis dire) du praticien lors du soin&#8230; \u00c9coutez votre c\u0153ur, tout simplement&#8230;<\/p>\n\n\n\n<p>Si vous souhaitez en savoir plus sur les soins que je propose ou sur l&rsquo;initiation pour \u00eatre vous-m\u00eame canal et pouvoir activer votre potentiel d&rsquo;auto-gu\u00e9rison physique, psycho-\u00e9motionnelle et spirituelle, je vous invite \u00e0 me contacter.<\/p>\n\n\n\n<p>Prenez soin de vous<\/p>\n\n\n\n<p>Carole<\/p>\n\n\n\n<p>NB: le Reiki ne se substitue en aucun cas \u00e0 la m\u00e9decine ni aux traitements m\u00e9dicaux, il vient en soutien pour r\u00e9activer les capacit\u00e9s d&rsquo;auto-gu\u00e9rison de l&rsquo;\u00eatre humain.<\/p>\n","protected":false},"excerpt":{"rendered":"<p>Comme le yoga, le Reiki est une voie, au del\u00e0 d&rsquo;une simple pratique&#8230; Et contrairement \u00e0 ce que certains peuvent dire, le Reiki doit \u00eatre SIMPLE. Oui, certains protocoles impliquant les symboles peuvent paraitre un peu compliqu\u00e9s (mais vous pouvez avoir vos anti-s\u00e8ches pour les pratiquer!), mais c&rsquo;est tout&#8230; Tout le reste doit \u00eatre fluidit\u00e9 <a class=\"read-more\" href=\"https:\/\/moonshaktiyoga.fr\/index.php\/un-mode-de-vie-au-quotidien\/\">READ MORE<\/a><\/p>\n","protected":false},"author":1,"featured_media":0,"parent":0,"menu_order":0,"comment_status":"closed","ping_status":"closed","template":"","meta":{"om_disable_all_campaigns":false,"_monsterinsights_skip_tracking":false,"_monsterinsights_sitenote_active":false,"_monsterinsights_sitenote_note":"","_monsterinsights_sitenote_category":0,"footnotes":""},"aioseo_notices":[],"_links":{"self":[{"href":"https:\/\/moonshaktiyoga.fr\/index.php\/wp-json\/wp\/v2\/pages\/302"}],"collection":[{"href":"https:\/\/moonshaktiyoga.fr\/index.php\/wp-json\/wp\/v2\/pages"}],"about":[{"href":"https:\/\/moonshaktiyoga.fr\/index.php\/wp-json\/wp\/v2\/types\/page"}],"author":[{"embeddable":true,"href":"https:\/\/moonshaktiyoga.fr\/index.php\/wp-json\/wp\/v2\/users\/1"}],"replies":[{"embeddable":true,"href":"https:\/\/moonshaktiyoga.fr\/index.php\/wp-json\/wp\/v2\/comments?post=302"}],"version-history":[{"count":3,"href":"https:\/\/moonshaktiyoga.fr\/index.php\/wp-json\/wp\/v2\/pages\/302\/revisions"}],"predecessor-version":[{"id":330,"href":"https:\/\/moonshaktiyoga.fr\/index.php\/wp-json\/wp\/v2\/pages\/302\/revisions\/330"}],"wp:attachment":[{"href":"https:\/\/moonshaktiyoga.fr\/index.php\/wp-json\/wp\/v2\/media?parent=302"}],"curies":[{"name":"wp","href":"https:\/\/api.w.org\/{rel}","templated":true}]}}