{"id":353,"date":"2024-08-19T10:03:37","date_gmt":"2024-08-19T08:03:37","guid":{"rendered":"https:\/\/moonshaktiyoga.fr\/?page_id=353"},"modified":"2025-08-21T20:48:59","modified_gmt":"2025-08-21T18:48:59","slug":"initiations-reiki-usui","status":"publish","type":"page","link":"https:\/\/moonshaktiyoga.fr\/index.php\/initiations-reiki-usui\/","title":{"rendered":"Initiations Reiki Usui"},"content":{"rendered":"\n<div class=\"wp-block-columns is-layout-flex wp-container-core-columns-is-layout-1 wp-block-columns-is-layout-flex\">\n<div class=\"wp-block-column is-layout-flow wp-block-column-is-layout-flow\"><div class=\"wp-block-image\">\n<figure class=\"aligncenter size-full is-resized\"><img loading=\"lazy\" decoding=\"async\" width=\"486\" height=\"322\" src=\"https:\/\/moonshaktiyoga.fr\/wp-content\/uploads\/2024\/05\/reiki-image-libre-de-droit.webp\" alt=\"\" class=\"wp-image-318\" style=\"width:568px;height:auto\" srcset=\"https:\/\/moonshaktiyoga.fr\/wp-content\/uploads\/2024\/05\/reiki-image-libre-de-droit.webp 486w, https:\/\/moonshaktiyoga.fr\/wp-content\/uploads\/2024\/05\/reiki-image-libre-de-droit-300x199.webp 300w\" sizes=\"(max-width: 486px) 100vw, 486px\" \/><\/figure><\/div><\/div>\n\n\n\n<div class=\"wp-block-column is-layout-flow wp-block-column-is-layout-flow\">\n<p>J&rsquo;initie 2 personnes par session. L&rsquo;initiation dure 1 journ\u00e9e et demi + 1 session th\u00e9orique en visio (2 journ\u00e9es pour le degr\u00e9 3)<\/p>\n\n\n\n<p>Tarifs:  (hors h\u00e9bergement et repas) <\/p>\n\n\n\n<p>degr\u00e9 1:  200 \u20ac par personne.<\/p>\n\n\n\n<p>degr\u00e9 2: 230 \u20ac par personne<\/p>\n\n\n\n<p>degr\u00e9 3: 300 \u20ac par personne<\/p>\n\n\n\n<p><strong> <\/strong>Un acompte de 80 euros est vers\u00e9 \u00e0 l&rsquo;inscription.<\/p>\n<\/div>\n<\/div>\n\n\n\n<p><strong>IMPORTANT<\/strong>: Toute initiation est soumise \u00e0 un entretien pr\u00e9alable (face \u00e0 face, Whatsapp vid\u00e9o ou Zoom) avec la personne souhaitant se faire initier, au terme duquel, avec bienveillance et respect, nous verrons si c&rsquo;est vraiment le moment juste dans votre vie pour \u00eatre initi\u00e9, ou s&rsquo;il vaut peut-\u00eatre mieux attendre. Cet entretien me permettra d&rsquo;en savoir plus sur les raisons qui vous am\u00e8nent \u00e0 vous lancer sur ce chemin, et vous permettra aussi de voir si cet enseignement r\u00e9sonne en vous. <\/p>\n\n\n\n<div class=\"wp-block-columns is-layout-flex wp-container-core-columns-is-layout-2 wp-block-columns-is-layout-flex\">\n<div class=\"wp-block-column is-layout-flow wp-block-column-is-layout-flow\">\n<figure class=\"wp-block-image size-large\"><img loading=\"lazy\" decoding=\"async\" width=\"768\" height=\"1024\" src=\"https:\/\/moonshaktiyoga.fr\/wp-content\/uploads\/2025\/08\/photo-init-reiki-1-768x1024.jpg\" alt=\"\" class=\"wp-image-518\" srcset=\"https:\/\/moonshaktiyoga.fr\/wp-content\/uploads\/2025\/08\/photo-init-reiki-1-768x1024.jpg 768w, https:\/\/moonshaktiyoga.fr\/wp-content\/uploads\/2025\/08\/photo-init-reiki-1-225x300.jpg 225w, https:\/\/moonshaktiyoga.fr\/wp-content\/uploads\/2025\/08\/photo-init-reiki-1.jpg 867w\" sizes=\"(max-width: 768px) 100vw, 768px\" \/><\/figure>\n<\/div>\n\n\n\n<div class=\"wp-block-column is-layout-flow wp-block-column-is-layout-flow\">\n<figure class=\"wp-block-image size-large\"><img loading=\"lazy\" decoding=\"async\" width=\"768\" height=\"1024\" src=\"https:\/\/moonshaktiyoga.fr\/wp-content\/uploads\/2025\/08\/photo-init-reiki-2-768x1024.jpg\" alt=\"\" class=\"wp-image-519\" srcset=\"https:\/\/moonshaktiyoga.fr\/wp-content\/uploads\/2025\/08\/photo-init-reiki-2-768x1024.jpg 768w, https:\/\/moonshaktiyoga.fr\/wp-content\/uploads\/2025\/08\/photo-init-reiki-2-225x300.jpg 225w, https:\/\/moonshaktiyoga.fr\/wp-content\/uploads\/2025\/08\/photo-init-reiki-2.jpg 867w\" sizes=\"(max-width: 768px) 100vw, 768px\" \/><\/figure>\n<\/div>\n<\/div>\n\n\n<div class=\"wp-block-image\">\n<figure class=\"aligncenter size-full is-resized\"><img loading=\"lazy\" decoding=\"async\" width=\"768\" height=\"1024\" src=\"https:\/\/moonshaktiyoga.fr\/wp-content\/uploads\/2025\/08\/photo-soin-reiki-initiation.jpg\" alt=\"\" class=\"wp-image-520\" style=\"width:486px;height:auto\" srcset=\"https:\/\/moonshaktiyoga.fr\/wp-content\/uploads\/2025\/08\/photo-soin-reiki-initiation.jpg 768w, https:\/\/moonshaktiyoga.fr\/wp-content\/uploads\/2025\/08\/photo-soin-reiki-initiation-225x300.jpg 225w\" sizes=\"(max-width: 768px) 100vw, 768px\" \/><\/figure><\/div>","protected":false},"excerpt":{"rendered":"<p>J&rsquo;initie 2 personnes par session. L&rsquo;initiation dure 1 journ\u00e9e et demi + 1 session th\u00e9orique en visio (2 journ\u00e9es pour le degr\u00e9 3) Tarifs: (hors h\u00e9bergement et repas) degr\u00e9 1: 200 \u20ac par personne. degr\u00e9 2: 230 \u20ac par personne degr\u00e9 3: 300 \u20ac par personne Un acompte de 80 euros est vers\u00e9 \u00e0 l&rsquo;inscription. <a class=\"read-more\" href=\"https:\/\/moonshaktiyoga.fr\/index.php\/initiations-reiki-usui\/\">READ MORE<\/a><\/p>\n","protected":false},"author":1,"featured_media":0,"parent":0,"menu_order":0,"comment_status":"closed","ping_status":"closed","template":"","meta":{"om_disable_all_campaigns":false,"_monsterinsights_skip_tracking":false,"_monsterinsights_sitenote_active":false,"_monsterinsights_sitenote_note":"","_monsterinsights_sitenote_category":0,"footnotes":""},"aioseo_notices":[],"_links":{"self":[{"href":"https:\/\/moonshaktiyoga.fr\/index.php\/wp-json\/wp\/v2\/pages\/353"}],"collection":[{"href":"https:\/\/moonshaktiyoga.fr\/index.php\/wp-json\/wp\/v2\/pages"}],"about":[{"href":"https:\/\/moonshaktiyoga.fr\/index.php\/wp-json\/wp\/v2\/types\/page"}],"author":[{"embeddable":true,"href":"https:\/\/moonshaktiyoga.fr\/index.php\/wp-json\/wp\/v2\/users\/1"}],"replies":[{"embeddable":true,"href":"https:\/\/moonshaktiyoga.fr\/index.php\/wp-json\/wp\/v2\/comments?post=353"}],"version-history":[{"count":6,"href":"https:\/\/moonshaktiyoga.fr\/index.php\/wp-json\/wp\/v2\/pages\/353\/revisions"}],"predecessor-version":[{"id":522,"href":"https:\/\/moonshaktiyoga.fr\/index.php\/wp-json\/wp\/v2\/pages\/353\/revisions\/522"}],"wp:attachment":[{"href":"https:\/\/moonshaktiyoga.fr\/index.php\/wp-json\/wp\/v2\/media?parent=353"}],"curies":[{"name":"wp","href":"https:\/\/api.w.org\/{rel}","templated":true}]}}