{"id":354,"date":"2024-08-19T10:03:37","date_gmt":"2024-08-19T08:03:37","guid":{"rendered":"https:\/\/moonshaktiyoga.fr\/?page_id=354"},"modified":"2024-09-15T18:55:07","modified_gmt":"2024-09-15T16:55:07","slug":"cercles-praticiens-reiki-usui","status":"publish","type":"page","link":"https:\/\/moonshaktiyoga.fr\/index.php\/cercles-praticiens-reiki-usui\/","title":{"rendered":"Cercles Praticiens Reiki Usui"},"content":{"rendered":"\n<div class=\"wp-block-columns is-layout-flex wp-container-core-columns-is-layout-1 wp-block-columns-is-layout-flex\">\n<div class=\"wp-block-column is-layout-flow wp-block-column-is-layout-flow\">\n<figure class=\"wp-block-image size-full is-resized\"><img loading=\"lazy\" decoding=\"async\" width=\"486\" height=\"322\" src=\"https:\/\/moonshaktiyoga.fr\/wp-content\/uploads\/2024\/05\/reiki-image-libre-de-droit.webp\" alt=\"\" class=\"wp-image-318\" style=\"width:563px;height:auto\" srcset=\"https:\/\/moonshaktiyoga.fr\/wp-content\/uploads\/2024\/05\/reiki-image-libre-de-droit.webp 486w, https:\/\/moonshaktiyoga.fr\/wp-content\/uploads\/2024\/05\/reiki-image-libre-de-droit-300x199.webp 300w\" sizes=\"(max-width: 486px) 100vw, 486px\" \/><\/figure>\n<\/div>\n\n\n\n<div class=\"wp-block-column is-layout-flow wp-block-column-is-layout-flow\">\n<p>\u2728\u2728\u2728Voici le planning 2024 des cercles de praticiens Reiki. Ces cercles, d&rsquo;une dur\u00e9e d&rsquo;1h30, sont l&rsquo;occasion d&rsquo;\u00e9changer sur le Reiki et sur nos pratiques (auto-traitements, Hatsurei Ho, m\u00e9ditations Gassho, soins en pr\u00e9sentiels, soins \u00e0 distance (selon les degr\u00e9s), soins d&rsquo;urgence, contexte des soins, ressentis, questionnements&#8230;) et sur les initiations Reiki. Ils pourront aussi \u00eatre l&rsquo;occasion de pratiquer les uns sur les autres sur des soins courts sur chaise ou debout.<\/p>\n\n\n\n<p>Ces cercles sont sur participation libre symbolique jusqu&rsquo;\u00e0 fin 2024 (une boite sera pr\u00e9vue \u00e0 cet effet au cabinet, je vous remercie d&rsquo;avance). Th\u00e9, infusion, jus et petits biscuits sucr\u00e9s et sal\u00e9s seront \u00e0 votre disposition.<\/p>\n\n\n\n<p>\u2728\u2728\u2728Alors \u00e0 vos agendas \ud83d\ude42<\/p>\n\n\n\n<p>Mercredi 2 octobre 2024 de 18h \u00e0 19h30<\/p>\n\n\n\n<p>Mercredi 30 octobre 2024 de 18h \u00e0 19h30<\/p>\n\n\n\n<p>Mercredi 27 novembre 2024 de 18h \u00e0 19h30<\/p>\n\n\n\n<p>Chaque cercle aura lieu si nous sommes au moins 3 participants, et annul\u00e9 sinon. Les inscriptions se feront au plus tard le vendredi soir qui pr\u00e9c\u00e8de le jour du cercle, par t\u00e9l\u00e9phone (06-76-92-66-10). Au plaisir de pouvoir \u00e9changer et partager autour de cette belle \u00e9nergie de pure lumi\u00e8re&#8230; \u2728\u2728\u2728<\/p>\n<\/div>\n<\/div>\n\n\n<div class=\"wp-block-image\">\n<figure class=\"aligncenter size-large is-resized\"><img loading=\"lazy\" decoding=\"async\" width=\"724\" height=\"1024\" src=\"https:\/\/moonshaktiyoga.fr\/wp-content\/uploads\/2024\/09\/affiche-cercles-reiki-2024-724x1024.png\" alt=\"\" class=\"wp-image-429\" style=\"width:421px;height:auto\" srcset=\"https:\/\/moonshaktiyoga.fr\/wp-content\/uploads\/2024\/09\/affiche-cercles-reiki-2024-724x1024.png 724w, https:\/\/moonshaktiyoga.fr\/wp-content\/uploads\/2024\/09\/affiche-cercles-reiki-2024-212x300.png 212w, https:\/\/moonshaktiyoga.fr\/wp-content\/uploads\/2024\/09\/affiche-cercles-reiki-2024-768x1086.png 768w, https:\/\/moonshaktiyoga.fr\/wp-content\/uploads\/2024\/09\/affiche-cercles-reiki-2024-1086x1536.png 1086w, https:\/\/moonshaktiyoga.fr\/wp-content\/uploads\/2024\/09\/affiche-cercles-reiki-2024-1448x2048.png 1448w, https:\/\/moonshaktiyoga.fr\/wp-content\/uploads\/2024\/09\/affiche-cercles-reiki-2024.png 1587w\" sizes=\"(max-width: 724px) 100vw, 724px\" \/><\/figure><\/div>","protected":false},"excerpt":{"rendered":"<p>\u2728\u2728\u2728Voici le planning 2024 des cercles de praticiens Reiki. Ces cercles, d&rsquo;une dur\u00e9e d&rsquo;1h30, sont l&rsquo;occasion d&rsquo;\u00e9changer sur le Reiki et sur nos pratiques (auto-traitements, Hatsurei Ho, m\u00e9ditations Gassho, soins en pr\u00e9sentiels, soins \u00e0 distance (selon les degr\u00e9s), soins d&rsquo;urgence, contexte des soins, ressentis, questionnements&#8230;) et sur les initiations Reiki. Ils pourront aussi \u00eatre l&rsquo;occasion <a class=\"read-more\" href=\"https:\/\/moonshaktiyoga.fr\/index.php\/cercles-praticiens-reiki-usui\/\">READ MORE<\/a><\/p>\n","protected":false},"author":1,"featured_media":0,"parent":0,"menu_order":0,"comment_status":"closed","ping_status":"closed","template":"","meta":{"om_disable_all_campaigns":false,"_monsterinsights_skip_tracking":false,"_monsterinsights_sitenote_active":false,"_monsterinsights_sitenote_note":"","_monsterinsights_sitenote_category":0,"footnotes":""},"aioseo_notices":[],"_links":{"self":[{"href":"https:\/\/moonshaktiyoga.fr\/index.php\/wp-json\/wp\/v2\/pages\/354"}],"collection":[{"href":"https:\/\/moonshaktiyoga.fr\/index.php\/wp-json\/wp\/v2\/pages"}],"about":[{"href":"https:\/\/moonshaktiyoga.fr\/index.php\/wp-json\/wp\/v2\/types\/page"}],"author":[{"embeddable":true,"href":"https:\/\/moonshaktiyoga.fr\/index.php\/wp-json\/wp\/v2\/users\/1"}],"replies":[{"embeddable":true,"href":"https:\/\/moonshaktiyoga.fr\/index.php\/wp-json\/wp\/v2\/comments?post=354"}],"version-history":[{"count":4,"href":"https:\/\/moonshaktiyoga.fr\/index.php\/wp-json\/wp\/v2\/pages\/354\/revisions"}],"predecessor-version":[{"id":430,"href":"https:\/\/moonshaktiyoga.fr\/index.php\/wp-json\/wp\/v2\/pages\/354\/revisions\/430"}],"wp:attachment":[{"href":"https:\/\/moonshaktiyoga.fr\/index.php\/wp-json\/wp\/v2\/media?parent=354"}],"curies":[{"name":"wp","href":"https:\/\/api.w.org\/{rel}","templated":true}]}}