{"id":38,"date":"2024-03-13T08:00:35","date_gmt":"2024-03-13T07:00:35","guid":{"rendered":"https:\/\/moonshaktiyoga.fr\/?page_id=38"},"modified":"2025-08-21T22:48:19","modified_gmt":"2025-08-21T20:48:19","slug":"blog","status":"publish","type":"page","link":"https:\/\/moonshaktiyoga.fr\/index.php\/blog\/","title":{"rendered":"Qui suis-je?"},"content":{"rendered":"\n<div class=\"wp-block-columns is-layout-flex wp-container-core-columns-is-layout-1 wp-block-columns-is-layout-flex\">\n<div class=\"wp-block-column is-layout-flow wp-block-column-is-layout-flow\">\n<figure class=\"wp-block-image size-large\"><img loading=\"lazy\" decoding=\"async\" width=\"1024\" height=\"1024\" src=\"https:\/\/moonshaktiyoga.fr\/wp-content\/uploads\/2024\/03\/IMG_20230817_104024_174-2-1024x1024.jpg\" alt=\"CM MSY\" class=\"wp-image-167\" srcset=\"https:\/\/moonshaktiyoga.fr\/wp-content\/uploads\/2024\/03\/IMG_20230817_104024_174-2-1024x1024.jpg 1024w, https:\/\/moonshaktiyoga.fr\/wp-content\/uploads\/2024\/03\/IMG_20230817_104024_174-2-300x300.jpg 300w, https:\/\/moonshaktiyoga.fr\/wp-content\/uploads\/2024\/03\/IMG_20230817_104024_174-2-150x150.jpg 150w, https:\/\/moonshaktiyoga.fr\/wp-content\/uploads\/2024\/03\/IMG_20230817_104024_174-2-768x768.jpg 768w, https:\/\/moonshaktiyoga.fr\/wp-content\/uploads\/2024\/03\/IMG_20230817_104024_174-2-1536x1536.jpg 1536w, https:\/\/moonshaktiyoga.fr\/wp-content\/uploads\/2024\/03\/IMG_20230817_104024_174-2-2048x2048.jpg 2048w\" sizes=\"(max-width: 1024px) 100vw, 1024px\" \/><\/figure>\n<\/div>\n\n\n\n<div class=\"wp-block-column is-layout-flow wp-block-column-is-layout-flow\">\n<p>Je m&rsquo;appelle Carole Maurel, Enseignante et Chercheuse&#8230; sur bien des plans, comme je vais vous l&rsquo;expliquer ci-apr\u00e8s&#8230; \ud83d\ude42<\/p>\n\n\n\n<p>Toujours faire de mon mieux, me construire \u00e0 travers l&rsquo;acquisition de connaissances, telle a toujours \u00e9t\u00e9 ma mani\u00e8re de fonctionner. Ma premi\u00e8re \u00ab\u00a0vie professionnelle\u00a0\u00bb, encore pr\u00e9sente dans mon quotidien aujourd&rsquo;hui, fut donc tout logiquement le r\u00e9sultat d&rsquo;\u00e9tudes longues, avec un Doctorat en Sciences de gestion et un poste d&rsquo;Enseignant-Chercheur en finance depuis 2009, autant d&rsquo;ann\u00e9es \u00e0 me pousser toujours plus dans mes limites, exigeante, perfectionniste et avec une ferme volont\u00e9 d&rsquo;\u00eatre \u00ab\u00a0parfaite\u00a0\u00bb tant sur le plan professionnel que dans mes r\u00f4les d&rsquo;\u00e9pouse, de fille, d&rsquo;amie, comme de m\u00e8re&#8230;<\/p>\n\n\n\n<p>Puis, peu \u00e0 peu, au fil de signes, toujours plus forts, envoy\u00e9s par mon corps face \u00e0 la mani\u00e8re dont je me malmenais, j&rsquo;ai peu \u00e0 peu ressenti un appel, une vraie qu\u00eate de sens et un besoin de ralentir et d&rsquo;aligner ma vie professionnelle \u00e0 mes valeurs. <\/p>\n\n\n\n<p>Le Yoga, que je pratiquais depuis 10 ans comme amateur, le Reiki, et l&rsquo;astre lunaire, ont accompagn\u00e9 ce chemin de Conscience et les bouleversements &#8211; tant en moi que dans tous les domaines de ma vie &#8211; que j&rsquo;ai v\u00e9cus sur les quatre ann\u00e9es pass\u00e9es. Ils m&rsquo;ont permis de me (re)trouver, me connecter \u00e0 mon Dharma*, de rester ancr\u00e9e durant ces ann\u00e9es de transformations incroyables o\u00f9 j&rsquo;aurais pu me perdre, et de construire, pas \u00e0 pas, une vie \u00e0 mon image.<\/p>\n\n\n\n<p>Je me suis donc form\u00e9e au Hatha Yoga durant 2 ans (350h), au Yoga de la Femme Lunaire durant 4 mois (80h), au Yin Yoga (50h), au massage Abhyanga, et j&rsquo;ai pass\u00e9 mes 4 degr\u00e9s de Reiki Usui entre d\u00e9cembre 2021 et mai 2024&#8230;<\/p>\n\n\n\n<p>Aujourd&rsquo;hui, anim\u00e9e plus que jamais par mon<strong> \u00e2me d&rsquo;enseignante et de chercheuse et nourrie par mon parcours de femme, de m\u00e8re, de fille, de s\u0153ur, d&rsquo;amie et bien d&rsquo;autres parts de moi, <\/strong>pleine de gratitude pour ce chemin parcouru et ce que la Vie m&rsquo;offre aujourd&rsquo;hui, je continue \u00e0 me former, me documenter, int\u00e9grer le savoir, et \u00e0 transmettre, et accompagne \u00e0 mon tour, d&rsquo;autres \u00eatres sur leur chemin de vie.<\/p>\n\n\n\n<p>*Dharma: chemin de vie<\/p>\n<\/div>\n<\/div>\n","protected":false},"excerpt":{"rendered":"<p>Je m&rsquo;appelle Carole Maurel, Enseignante et Chercheuse&#8230; sur bien des plans, comme je vais vous l&rsquo;expliquer ci-apr\u00e8s&#8230; \ud83d\ude42 Toujours faire de mon mieux, me construire \u00e0 travers l&rsquo;acquisition de connaissances, telle a toujours \u00e9t\u00e9 ma mani\u00e8re de fonctionner. Ma premi\u00e8re \u00ab\u00a0vie professionnelle\u00a0\u00bb, encore pr\u00e9sente dans mon quotidien aujourd&rsquo;hui, fut donc tout logiquement le r\u00e9sultat d&rsquo;\u00e9tudes <a class=\"read-more\" href=\"https:\/\/moonshaktiyoga.fr\/index.php\/blog\/\">READ MORE<\/a><\/p>\n","protected":false},"author":1,"featured_media":0,"parent":0,"menu_order":0,"comment_status":"closed","ping_status":"closed","template":"","meta":{"om_disable_all_campaigns":false,"_monsterinsights_skip_tracking":false,"_monsterinsights_sitenote_active":false,"_monsterinsights_sitenote_note":"","_monsterinsights_sitenote_category":0,"footnotes":""},"aioseo_notices":[],"_links":{"self":[{"href":"https:\/\/moonshaktiyoga.fr\/index.php\/wp-json\/wp\/v2\/pages\/38"}],"collection":[{"href":"https:\/\/moonshaktiyoga.fr\/index.php\/wp-json\/wp\/v2\/pages"}],"about":[{"href":"https:\/\/moonshaktiyoga.fr\/index.php\/wp-json\/wp\/v2\/types\/page"}],"author":[{"embeddable":true,"href":"https:\/\/moonshaktiyoga.fr\/index.php\/wp-json\/wp\/v2\/users\/1"}],"replies":[{"embeddable":true,"href":"https:\/\/moonshaktiyoga.fr\/index.php\/wp-json\/wp\/v2\/comments?post=38"}],"version-history":[{"count":14,"href":"https:\/\/moonshaktiyoga.fr\/index.php\/wp-json\/wp\/v2\/pages\/38\/revisions"}],"predecessor-version":[{"id":531,"href":"https:\/\/moonshaktiyoga.fr\/index.php\/wp-json\/wp\/v2\/pages\/38\/revisions\/531"}],"wp:attachment":[{"href":"https:\/\/moonshaktiyoga.fr\/index.php\/wp-json\/wp\/v2\/media?parent=38"}],"curies":[{"name":"wp","href":"https:\/\/api.w.org\/{rel}","templated":true}]}}