{"id":478,"date":"2025-04-14T09:14:59","date_gmt":"2025-04-14T07:14:59","guid":{"rendered":"https:\/\/moonshaktiyoga.fr\/?page_id=478"},"modified":"2025-04-14T13:04:54","modified_gmt":"2025-04-14T11:04:54","slug":"ressources-en-ligne","status":"publish","type":"page","link":"https:\/\/moonshaktiyoga.fr\/index.php\/ressources-en-ligne\/","title":{"rendered":"Ressources en ligne"},"content":{"rendered":"\n<p>Sur cette page, je vous propose des acc\u00e8s \u00e0 des ressources gratuites sur le yoga, le reiki, les sagesses ancestrales et la d\u00e9couverte de soi. <\/p>\n\n\n\n<p>Vous pouvez tout d&rsquo;abord visiter ma cha\u00eene Youtube: <\/p>\n\n\n\n<p><a href=\"https:\/\/www.youtube.com\/@carole-moonshaktiyogareiki13\">https:\/\/www.youtube.com\/@carole-moonshaktiyogareiki13<\/a><\/p>\n\n\n<div class=\"wp-block-image\">\n<figure class=\"aligncenter size-large is-resized\"><img loading=\"lazy\" decoding=\"async\" width=\"1024\" height=\"541\" src=\"https:\/\/moonshaktiyoga.fr\/wp-content\/uploads\/2025\/04\/page-youtube-1024x541.jpg\" alt=\"\" class=\"wp-image-485\" style=\"width:640px;height:auto\" srcset=\"https:\/\/moonshaktiyoga.fr\/wp-content\/uploads\/2025\/04\/page-youtube-1024x541.jpg 1024w, https:\/\/moonshaktiyoga.fr\/wp-content\/uploads\/2025\/04\/page-youtube-300x159.jpg 300w, https:\/\/moonshaktiyoga.fr\/wp-content\/uploads\/2025\/04\/page-youtube-768x406.jpg 768w, https:\/\/moonshaktiyoga.fr\/wp-content\/uploads\/2025\/04\/page-youtube-1536x812.jpg 1536w, https:\/\/moonshaktiyoga.fr\/wp-content\/uploads\/2025\/04\/page-youtube.jpg 1612w\" sizes=\"(max-width: 1024px) 100vw, 1024px\" \/><\/figure><\/div>","protected":false},"excerpt":{"rendered":"<p>Sur cette page, je vous propose des acc\u00e8s \u00e0 des ressources gratuites sur le yoga, le reiki, les sagesses ancestrales et la d\u00e9couverte de soi. Vous pouvez tout d&rsquo;abord visiter ma cha\u00eene Youtube: https:\/\/www.youtube.com\/@carole-moonshaktiyogareiki13<\/p>\n","protected":false},"author":1,"featured_media":0,"parent":0,"menu_order":0,"comment_status":"closed","ping_status":"closed","template":"","meta":{"om_disable_all_campaigns":false,"_monsterinsights_skip_tracking":false,"_monsterinsights_sitenote_active":false,"_monsterinsights_sitenote_note":"","_monsterinsights_sitenote_category":0,"footnotes":""},"aioseo_notices":[],"_links":{"self":[{"href":"https:\/\/moonshaktiyoga.fr\/index.php\/wp-json\/wp\/v2\/pages\/478"}],"collection":[{"href":"https:\/\/moonshaktiyoga.fr\/index.php\/wp-json\/wp\/v2\/pages"}],"about":[{"href":"https:\/\/moonshaktiyoga.fr\/index.php\/wp-json\/wp\/v2\/types\/page"}],"author":[{"embeddable":true,"href":"https:\/\/moonshaktiyoga.fr\/index.php\/wp-json\/wp\/v2\/users\/1"}],"replies":[{"embeddable":true,"href":"https:\/\/moonshaktiyoga.fr\/index.php\/wp-json\/wp\/v2\/comments?post=478"}],"version-history":[{"count":3,"href":"https:\/\/moonshaktiyoga.fr\/index.php\/wp-json\/wp\/v2\/pages\/478\/revisions"}],"predecessor-version":[{"id":486,"href":"https:\/\/moonshaktiyoga.fr\/index.php\/wp-json\/wp\/v2\/pages\/478\/revisions\/486"}],"wp:attachment":[{"href":"https:\/\/moonshaktiyoga.fr\/index.php\/wp-json\/wp\/v2\/media?parent=478"}],"curies":[{"name":"wp","href":"https:\/\/api.w.org\/{rel}","templated":true}]}}