{"id":69,"date":"2024-03-13T08:52:04","date_gmt":"2024-03-13T07:52:04","guid":{"rendered":"https:\/\/moonshaktiyoga.fr\/?page_id=69"},"modified":"2025-08-21T20:41:37","modified_gmt":"2025-08-21T18:41:37","slug":"ayurveda-et-massage-abhyanga","status":"publish","type":"page","link":"https:\/\/moonshaktiyoga.fr\/index.php\/ayurveda-et-massage-abhyanga\/","title":{"rendered":"Massage Abhyanga"},"content":{"rendered":"\n<p><\/p>\n\n\n\n<div class=\"wp-block-columns is-layout-flex wp-container-core-columns-is-layout-1 wp-block-columns-is-layout-flex\">\n<div class=\"wp-block-column is-layout-flow wp-block-column-is-layout-flow\"><div class=\"wp-block-image\">\n<figure class=\"aligncenter size-large is-resized\"><img loading=\"lazy\" decoding=\"async\" width=\"769\" height=\"1024\" src=\"https:\/\/moonshaktiyoga.fr\/wp-content\/uploads\/2025\/08\/photo-carole-cabinet-1-769x1024.jpg\" alt=\"\" class=\"wp-image-513\" style=\"width:480px;height:auto\" srcset=\"https:\/\/moonshaktiyoga.fr\/wp-content\/uploads\/2025\/08\/photo-carole-cabinet-1-769x1024.jpg 769w, https:\/\/moonshaktiyoga.fr\/wp-content\/uploads\/2025\/08\/photo-carole-cabinet-1-225x300.jpg 225w, https:\/\/moonshaktiyoga.fr\/wp-content\/uploads\/2025\/08\/photo-carole-cabinet-1-768x1022.jpg 768w, https:\/\/moonshaktiyoga.fr\/wp-content\/uploads\/2025\/08\/photo-carole-cabinet-1-1154x1536.jpg 1154w, https:\/\/moonshaktiyoga.fr\/wp-content\/uploads\/2025\/08\/photo-carole-cabinet-1.jpg 1232w\" sizes=\"(max-width: 769px) 100vw, 769px\" \/><\/figure><\/div><\/div>\n\n\n\n<div class=\"wp-block-column is-layout-flow wp-block-column-is-layout-flow\">\n<p>Le massage ayurv\u00e9dique fait partie des techniques ayurv\u00e9diques* utilis\u00e9es pour percevoir, interpr\u00e9ter et modifier une partie des messages qui viennent du corps.<\/p>\n\n\n\n<p>Ce massage a pour finalit\u00e9 de favoriser l&rsquo;\u00e9quilibre des <em>doshas* <\/em>dans le corps et pr\u00e9venir l&rsquo;apparition de toxines (<em>ama<\/em>) tant physiques que psychiques, et de pathologies li\u00e9es \u00e0 leur d\u00e9s\u00e9quilibre. Ce n&rsquo;est donc pas seulement un massage relaxant. Il agit sur les canaux \u00e9nerg\u00e9tiques (<em>nadis) <\/em>sur lesquels sont r\u00e9partis des points de pression (<em>marma<\/em>) afin de permettre \u00e0 l&rsquo;\u00e9nergie vitale (<em>Prana<\/em>) de circuler librement et harmonieusement dans le corps. Il va permettre de favoriser la circulation des fluides, la digestion, la respiration, le bon fonctionnement des organes, la d\u00e9tente musculaire et l&rsquo;assouplissement articulaire, le bon fonctionnement du syst\u00e8me immunitaire&#8230;<\/p>\n\n\n\n<p><strong>Le massage concerne:<\/strong> le dos, les bras, les jambes, le ventre, la zone pectorale haute, le visage et le crane et cuir chevelu.<\/p>\n\n\n\n<p>Le massage se fait \u00e0 l&rsquo;huile de s\u00e9same (parfois associ\u00e9e \u00e0 d&rsquo;autres huiles v\u00e9g\u00e9tales et parfois chaude selon les profils ayurv\u00e9diques et besoins) associ\u00e9 \u00e0 des huiles essentielles.<\/p>\n\n\n\n<p><strong>Dur\u00e9e<\/strong>: en moyenne 1h40 (cela d\u00e9pend des profils ayurv\u00e9diques). <\/p>\n\n\n\n<p><strong>Tarif: <\/strong>100 euros<\/p>\n\n\n\n<p>*Ayurv\u00e9da: m\u00e9decine ancestrale indienne<\/p>\n\n\n\n<p>*Suivant l\u2019approche de la m\u00e9decine ancestrale indienne Ayurv\u00e9da, qui consid\u00e8re que tout \u00eatre vivant est compos\u00e9 des 5 \u00e9l\u00e9ments (\u00e9ther, air, feu, eau et terre) et que leur proportion dans le corps correspond \u00e0 une constitution ayurv\u00e9dique (<em>Vata, Pitta, Kapha<\/em>) et \u00e0 des caract\u00e9ristiques associ\u00e9es au niveau corporel comme psycho-\u00e9motionnel. Si ces <em>doshas <\/em>sont d\u00e9s\u00e9quilibr\u00e9s, ils vont venir se loger dans les tissus faibles et se manifester en pathologies. L\u2019objectif est de r\u00e9duire les d\u00e9s\u00e9quilibres et donc \u00e0 l\u2019origine du mal, plut\u00f4t que d\u2019agir seulement sur les sympt\u00f4mes.<\/p>\n<\/div>\n<\/div>\n\n\n\n<div class=\"wp-block-buttons is-content-justification-center is-layout-flex wp-container-core-buttons-is-layout-1 wp-block-buttons-is-layout-flex\">\n<div class=\"wp-block-button\"><a class=\"wp-block-button__link has-text-align-center wp-element-button\" href=\"https:\/\/liberlo.com\/profil\/carole-maurel\/\" target=\"_blank\" rel=\"noopener\"><img decoding=\"async\" src=\"https:\/\/liberlo.com\/wp-content\/themes\/liberlo\/assets\/imgs\/logo-simple-blanc.png\" alt=\"\"><span class=\"text\">RDV sur Liberlo.com<\/span><\/a><\/div>\n<\/div>\n\n\n\n<p>Le cabinet se trouve \u00e0 Moll\u00e9g\u00e8s(13940), village de Provence, au pied des Alpilles, \u00e0 5 minutes d\u2019Eygali\u00e8res, Saint-Andiol et de Plan d\u2019Orgon et \u00e0 10 minutes de Saint R\u00e9my de Provence.<\/p>\n","protected":false},"excerpt":{"rendered":"<p>Le massage ayurv\u00e9dique fait partie des techniques ayurv\u00e9diques* utilis\u00e9es pour percevoir, interpr\u00e9ter et modifier une partie des messages qui viennent du corps. Ce massage a pour finalit\u00e9 de favoriser l&rsquo;\u00e9quilibre des doshas* dans le corps et pr\u00e9venir l&rsquo;apparition de toxines (ama) tant physiques que psychiques, et de pathologies li\u00e9es \u00e0 leur d\u00e9s\u00e9quilibre. Ce n&rsquo;est donc <a class=\"read-more\" href=\"https:\/\/moonshaktiyoga.fr\/index.php\/ayurveda-et-massage-abhyanga\/\">READ MORE<\/a><\/p>\n","protected":false},"author":1,"featured_media":0,"parent":0,"menu_order":0,"comment_status":"closed","ping_status":"closed","template":"","meta":{"om_disable_all_campaigns":false,"_monsterinsights_skip_tracking":false,"_monsterinsights_sitenote_active":false,"_monsterinsights_sitenote_note":"","_monsterinsights_sitenote_category":0,"footnotes":""},"aioseo_notices":[],"_links":{"self":[{"href":"https:\/\/moonshaktiyoga.fr\/index.php\/wp-json\/wp\/v2\/pages\/69"}],"collection":[{"href":"https:\/\/moonshaktiyoga.fr\/index.php\/wp-json\/wp\/v2\/pages"}],"about":[{"href":"https:\/\/moonshaktiyoga.fr\/index.php\/wp-json\/wp\/v2\/types\/page"}],"author":[{"embeddable":true,"href":"https:\/\/moonshaktiyoga.fr\/index.php\/wp-json\/wp\/v2\/users\/1"}],"replies":[{"embeddable":true,"href":"https:\/\/moonshaktiyoga.fr\/index.php\/wp-json\/wp\/v2\/comments?post=69"}],"version-history":[{"count":22,"href":"https:\/\/moonshaktiyoga.fr\/index.php\/wp-json\/wp\/v2\/pages\/69\/revisions"}],"predecessor-version":[{"id":514,"href":"https:\/\/moonshaktiyoga.fr\/index.php\/wp-json\/wp\/v2\/pages\/69\/revisions\/514"}],"wp:attachment":[{"href":"https:\/\/moonshaktiyoga.fr\/index.php\/wp-json\/wp\/v2\/media?parent=69"}],"curies":[{"name":"wp","href":"https:\/\/api.w.org\/{rel}","templated":true}]}}