{"id":70,"date":"2024-03-13T08:52:04","date_gmt":"2024-03-13T07:52:04","guid":{"rendered":"https:\/\/moonshaktiyoga.fr\/?page_id=70"},"modified":"2025-08-21T20:42:36","modified_gmt":"2025-08-21T18:42:36","slug":"yogatherapie","status":"publish","type":"page","link":"https:\/\/moonshaktiyoga.fr\/index.php\/yogatherapie\/","title":{"rendered":"Yogath\u00e9rapie"},"content":{"rendered":"\n<div class=\"wp-block-columns is-layout-flex wp-container-core-columns-is-layout-1 wp-block-columns-is-layout-flex\">\n<div class=\"wp-block-column is-layout-flow wp-block-column-is-layout-flow\">\n<figure class=\"wp-block-image size-large\"><img loading=\"lazy\" decoding=\"async\" width=\"768\" height=\"1024\" src=\"https:\/\/moonshaktiyoga.fr\/wp-content\/uploads\/2025\/08\/IMG20240612144543-768x1024.jpg\" alt=\"\" class=\"wp-image-515\" srcset=\"https:\/\/moonshaktiyoga.fr\/wp-content\/uploads\/2025\/08\/IMG20240612144543-768x1024.jpg 768w, https:\/\/moonshaktiyoga.fr\/wp-content\/uploads\/2025\/08\/IMG20240612144543-225x300.jpg 225w, https:\/\/moonshaktiyoga.fr\/wp-content\/uploads\/2025\/08\/IMG20240612144543-1152x1536.jpg 1152w, https:\/\/moonshaktiyoga.fr\/wp-content\/uploads\/2025\/08\/IMG20240612144543-1536x2048.jpg 1536w, https:\/\/moonshaktiyoga.fr\/wp-content\/uploads\/2025\/08\/IMG20240612144543-scaled.jpg 1920w\" sizes=\"(max-width: 768px) 100vw, 768px\" \/><figcaption class=\"wp-element-caption\">oplus_34<\/figcaption><\/figure>\n<\/div>\n\n\n\n<div class=\"wp-block-column is-layout-flow wp-block-column-is-layout-flow\">\n<p>Les consultations de Yogath\u00e9rapie durent 1h et peuvent s&rsquo;accompagner d&rsquo;une mise \u00e0 disposition d&rsquo;une vid\u00e9o de 10 minutes minimum \u00e0 pratiquer quotidiennement durant 21 jours. Elles sont suivis d&rsquo;un appel t\u00e9l\u00e9phonique permettant un suivi post-consultation et d&rsquo;une s\u00e9ance suppl\u00e9mentaire si la personne accompagn\u00e9e en ressent le besoin. <\/p>\n\n\n\n<p><strong>Comment se d\u00e9roule une s\u00e9ance? <\/strong><\/p>\n\n\n\n<p>Un temps d&rsquo;\u00e9change afin d&rsquo;identifier la probl\u00e9matique de la personne, ses habitudes de vie, sa constitution doshique*, et proposer une pratique sur-mesure pour traiter la probl\u00e9matique (Ex: probl\u00e8mes digestifs, maux de dos, stress, insomnies, raideurs, probl\u00e8mes circulatoires&#8230;) et permettre \u00e0 la personne d&rsquo;insuffler des changements structurels en elle. <\/p>\n\n\n\n<p>Puis, sur le tapis, exp\u00e9rimentation de plusieurs exercices pour observer comment se comporte le corps, peaufiner la pratique quotidienne \u00e0 venir, et permettre \u00e0 la personne de sentir les effets du travail postural et respiratoire notamment. <\/p>\n\n\n\n<p><strong>Tarif<\/strong>: 60 euros avec vid\u00e9o <\/p>\n\n\n\n<p>          50 euros sans vid\u00e9o<\/p>\n\n\n\n<p><strong>Dur\u00e9e<\/strong>: 1h<\/p>\n\n\n\n<p>*Suivant l&rsquo;approche de la m\u00e9decine ancestrale indienne Ayurv\u00e9da, qui consid\u00e8re que tout \u00eatre vivant est compos\u00e9, comme l&rsquo;environnement dans lequel il \u00e9volue, des 5 \u00e9l\u00e9ments (\u00e9ther, air, feu, eau et terre) et que leur proportion dans le corps correspond \u00e0 une constitution ayurv\u00e9dique (<em>Vata, Pitta, Kapha<\/em>) et \u00e0 des caract\u00e9ristiques associ\u00e9es au niveau corporel comme psycho-\u00e9motionnel. Si ces <em>doshas <\/em>sont d\u00e9s\u00e9quilibr\u00e9s, ils vont venir se loger dans les tissus faibles et se manifester en pathologies. L&rsquo;objectif est de r\u00e9duire les d\u00e9s\u00e9quilibres et donc d&rsquo;aller \u00e0 l&rsquo;origine du mal, plut\u00f4t que d&rsquo;agir seulement sur les sympt\u00f4mes.<\/p>\n<\/div>\n<\/div>\n\n\n\n<p>Par ailleurs, a<strong>vec le Cabinet d&rsquo;Ost\u00e9opathie de <a href=\"https:\/\/osteopathe-alpilles.com\/\" title=\"\">B\u00e9n\u00e9dicte Duhamel<\/a>, <\/strong>nous proposons un programme personnalis\u00e9, alliant une s\u00e9ance d&rsquo;ost\u00e9opathie d&rsquo;abord, suivie d&rsquo;une s\u00e9ance de yogath\u00e9rapie. <\/p>\n\n\n\n<p><strong>Tarif<\/strong>: 120 euros les deux s\u00e9ances et la vid\u00e9o de routine yoga. <\/p>\n\n\n\n<p>L&rsquo;objectif est ici encore de vous rendre <strong>ACTEURS DE VOTRE GU\u00c9RISON. <\/strong><\/p>\n\n\n\n<p>Une formule 100% personnalis\u00e9e pour:<\/p>\n\n\n\n<p>&#8211; Les douleurs chroniques li\u00e9es au travail ou au manque de souplesse articulaire et musculaire,<\/p>\n\n\n\n<p>&#8211; La pr\u00e9vention des douleurs, la pr\u00e9paration et la r\u00e9cup\u00e9ration sportive,<\/p>\n\n\n\n<p>&#8211; Le bien \u00eatre physique, \u00e9motionnel et psychique,<\/p>\n\n\n\n<p>&#8211; Et bien plus !<\/p>\n\n\n\n<div class=\"wp-block-buttons is-content-justification-center is-layout-flex wp-container-core-buttons-is-layout-1 wp-block-buttons-is-layout-flex\">\n<div class=\"wp-block-button\"><a class=\"wp-block-button__link wp-element-button\" href=\"https:\/\/liberlo.com\/profil\/carole-maurel\/\" target=\"_blank\" rel=\"noopener\"><img decoding=\"async\" src=\"https:\/\/liberlo.com\/wp-content\/themes\/liberlo\/assets\/imgs\/logo-simple-blanc.png\" alt=\"\"><span class=\"text\">RDV sur Liberlo.com<\/span><\/a><\/div>\n<\/div>\n\n\n\n<p><\/p>\n\n\n\n<figure class=\"wp-block-image size-large\"><img loading=\"lazy\" decoding=\"async\" width=\"1024\" height=\"576\" src=\"https:\/\/moonshaktiyoga.fr\/wp-content\/uploads\/2024\/03\/osteo-yoga2-1024x576.jpg\" alt=\"\" class=\"wp-image-204\" srcset=\"https:\/\/moonshaktiyoga.fr\/wp-content\/uploads\/2024\/03\/osteo-yoga2-1024x576.jpg 1024w, https:\/\/moonshaktiyoga.fr\/wp-content\/uploads\/2024\/03\/osteo-yoga2-300x169.jpg 300w, https:\/\/moonshaktiyoga.fr\/wp-content\/uploads\/2024\/03\/osteo-yoga2-768x432.jpg 768w, https:\/\/moonshaktiyoga.fr\/wp-content\/uploads\/2024\/03\/osteo-yoga2-1536x864.jpg 1536w, https:\/\/moonshaktiyoga.fr\/wp-content\/uploads\/2024\/03\/osteo-yoga2.jpg 1920w\" sizes=\"(max-width: 1024px) 100vw, 1024px\" \/><\/figure>\n\n\n\n<p>Le cabinet se trouve \u00e0 Moll\u00e9g\u00e8s(13940), village de Provence, au pied des Alpilles, \u00e0 5 minutes d\u2019Eygali\u00e8res, Saint-Andiol et de Plan d\u2019Orgon et \u00e0 10 minutes de Saint R\u00e9my de Provence.<\/p>\n","protected":false},"excerpt":{"rendered":"<p>Les consultations de Yogath\u00e9rapie durent 1h et peuvent s&rsquo;accompagner d&rsquo;une mise \u00e0 disposition d&rsquo;une vid\u00e9o de 10 minutes minimum \u00e0 pratiquer quotidiennement durant 21 jours. Elles sont suivis d&rsquo;un appel t\u00e9l\u00e9phonique permettant un suivi post-consultation et d&rsquo;une s\u00e9ance suppl\u00e9mentaire si la personne accompagn\u00e9e en ressent le besoin. Comment se d\u00e9roule une s\u00e9ance? Un temps d&rsquo;\u00e9change <a class=\"read-more\" href=\"https:\/\/moonshaktiyoga.fr\/index.php\/yogatherapie\/\">READ MORE<\/a><\/p>\n","protected":false},"author":1,"featured_media":0,"parent":0,"menu_order":0,"comment_status":"closed","ping_status":"closed","template":"","meta":{"om_disable_all_campaigns":false,"_monsterinsights_skip_tracking":false,"_monsterinsights_sitenote_active":false,"_monsterinsights_sitenote_note":"","_monsterinsights_sitenote_category":0,"footnotes":""},"aioseo_notices":[],"_links":{"self":[{"href":"https:\/\/moonshaktiyoga.fr\/index.php\/wp-json\/wp\/v2\/pages\/70"}],"collection":[{"href":"https:\/\/moonshaktiyoga.fr\/index.php\/wp-json\/wp\/v2\/pages"}],"about":[{"href":"https:\/\/moonshaktiyoga.fr\/index.php\/wp-json\/wp\/v2\/types\/page"}],"author":[{"embeddable":true,"href":"https:\/\/moonshaktiyoga.fr\/index.php\/wp-json\/wp\/v2\/users\/1"}],"replies":[{"embeddable":true,"href":"https:\/\/moonshaktiyoga.fr\/index.php\/wp-json\/wp\/v2\/comments?post=70"}],"version-history":[{"count":12,"href":"https:\/\/moonshaktiyoga.fr\/index.php\/wp-json\/wp\/v2\/pages\/70\/revisions"}],"predecessor-version":[{"id":516,"href":"https:\/\/moonshaktiyoga.fr\/index.php\/wp-json\/wp\/v2\/pages\/70\/revisions\/516"}],"wp:attachment":[{"href":"https:\/\/moonshaktiyoga.fr\/index.php\/wp-json\/wp\/v2\/media?parent=70"}],"curies":[{"name":"wp","href":"https:\/\/api.w.org\/{rel}","templated":true}]}}